{"id":174,"date":"2022-11-21T00:13:24","date_gmt":"2022-11-21T00:13:24","guid":{"rendered":"https:\/\/new.mdfmodels.com\/anmeldung\/"},"modified":"2022-12-19T00:41:43","modified_gmt":"2022-12-19T00:41:43","slug":"anmeldung","status":"publish","type":"page","link":"https:\/\/staxusmodels.com\/de\/anmeldung\/","title":{"rendered":"Anmeldung"},"content":{"rendered":"\n<p><\/p>\n\n\n\n<p class=\"has-text-align-left\"><strong>WERDE EIN STAXUS MODELL<\/strong><br>Denken Sie dar\u00fcber nach, etwas zus\u00e4tzliches Geld zu verdienen? Vor deinen Freunden angeben? Treffen Sie einige der hei\u00dfesten Typen in Europa? Erf\u00fcllen Sie sich einige Ihrer Fantasien? Dann suchen Sie nicht weiter, denn Sie sind an der richtigen Stelle.<\/p>\n\n\n\n<p>Einige Dinge, die Sie \u00fcber die Zusammenarbeit mit uns wissen sollten:<\/p>\n\n\n\n<ul class=\"wp-block-list\">\n<li>Alle Modelle werden IMMER vollst\u00e4ndig getestet<\/li>\n\n\n\n<li>Wir k\u00f6nnen Ihnen jedes Mal, wenn Sie zu uns kommen, mehrere Szenen zur Verf\u00fcgung stellen.<\/li>\n\n\n\n<li>Wir sind es gewohnt, mit Models zu arbeiten, die noch nie zuvor Pornos gemacht haben. Wenn Sie neu in der Branche sind \u2026 keine Sorge! We will make sure that you have a good experience working with us.<\/li>\n<\/ul>\n\n\n\n<p>Hier bei STAXUS haben wir sehr hohe Werte in Bezug auf unsere Arbeit. Wir lieben Pornos und m\u00f6chten, dass sie so unterhaltsam und gesund wie m\u00f6glich sind!<\/p>\n\n\n\n<p>Wir arbeiten hart daran, einen sicheren Raum f\u00fcr Models zu schaffen, wenn sie bei uns arbeiten. Wenn Sie mit uns zusammenarbeiten, k\u00f6nnen Sie sicher sein, dass:<\/p>\n\n\n\n<ul class=\"wp-block-list\">\n<li>Wir k\u00fcmmern uns um Sie<\/li>\n\n\n\n<li>Sie werden nicht mit den Produzenten oder Mitarbeitern schlafen<\/li>\n\n\n\n<li>Der einzige Sex, den Sie haben werden, wird vor der Kamera sein<\/li>\n\n\n\n<li>Niemand wird dir ein sexuelles Angebot machen<\/li>\n\n\n\n<li>Wir sorgen daf\u00fcr, dass Sie sich sicher f\u00fchlen, w\u00e4hrend Sie bei uns arbeiten<\/li>\n\n\n\n<li>Bei unseren Shootings sind keine Drogen oder Alkohol im Spiel<\/li>\n\n\n\n<li>Du wirst Spa\u00df haben!<\/li>\n<\/ul>\n","protected":false},"excerpt":{"rendered":"<p>WERDE EIN STAXUS MODELLDenken Sie dar\u00fcber nach, etwas zus\u00e4tzliches Geld zu verdienen? Vor deinen Freunden angeben? Treffen Sie einige der hei\u00dfesten Typen in Europa? Erf\u00fcllen Sie sich einige Ihrer Fantasien? Dann suchen Sie nicht weiter, denn Sie sind an der richtigen Stelle. Einige Dinge, die Sie \u00fcber die Zusammenarbeit mit uns wissen sollten: Hier bei [&hellip;]<\/p>\n","protected":false},"author":1,"featured_media":0,"parent":0,"menu_order":0,"comment_status":"closed","ping_status":"closed","template":"page-registration.php","meta":{"_acf_changed":false,"footnotes":""},"class_list":["post-174","page","type-page","status-publish","hentry"],"acf":[],"_links":{"self":[{"href":"https:\/\/staxusmodels.com\/de\/wp-json\/wp\/v2\/pages\/174","targetHints":{"allow":["GET"]}}],"collection":[{"href":"https:\/\/staxusmodels.com\/de\/wp-json\/wp\/v2\/pages"}],"about":[{"href":"https:\/\/staxusmodels.com\/de\/wp-json\/wp\/v2\/types\/page"}],"author":[{"embeddable":true,"href":"https:\/\/staxusmodels.com\/de\/wp-json\/wp\/v2\/users\/1"}],"replies":[{"embeddable":true,"href":"https:\/\/staxusmodels.com\/de\/wp-json\/wp\/v2\/comments?post=174"}],"version-history":[{"count":5,"href":"https:\/\/staxusmodels.com\/de\/wp-json\/wp\/v2\/pages\/174\/revisions"}],"predecessor-version":[{"id":562,"href":"https:\/\/staxusmodels.com\/de\/wp-json\/wp\/v2\/pages\/174\/revisions\/562"}],"wp:attachment":[{"href":"https:\/\/staxusmodels.com\/de\/wp-json\/wp\/v2\/media?parent=174"}],"curies":[{"name":"wp","href":"https:\/\/api.w.org\/{rel}","templated":true}]}}