{"id":178,"date":"2022-11-21T00:13:24","date_gmt":"2022-11-21T00:13:24","guid":{"rendered":"https:\/\/new.mdfmodels.com\/registro\/"},"modified":"2022-12-19T00:41:14","modified_gmt":"2022-12-19T00:41:14","slug":"registro","status":"publish","type":"page","link":"https:\/\/staxusmodels.com\/es\/registro\/","title":{"rendered":"Registro"},"content":{"rendered":"\n<p><\/p>\n\n\n\n<p class=\"has-text-align-left\"><strong>CONVI\u00c9RTETE EN MI MODELO DE FANTAS\u00cdA <\/strong><br>\u00bfEst\u00e1s pensando en ganar algo de dinero extra? \u00bfPresumir ante tus amigos? \u00bfConocer a algunos de los chicos m\u00e1s calientes de Europa? \u00bfCumplir algunas de tus fantas\u00edas? Entonces no busques m\u00e1s porque est\u00e1s en el lugar correcto.<\/p>\n\n\n\n<p>Algunas cosas que debe saber acerca de trabajar con nosotros:<\/p>\n\n\n\n<ul class=\"wp-block-list\">\n<li>Todos los modelos son SIEMPRE completamente probados<\/li>\n\n\n\n<li>A menudo podemos proporcionarle m\u00faltiples escenas cada vez que viene a trabajar con nosotros.<\/li>\n\n\n\n<li>Estamos acostumbrados a trabajar con modelos que nunca antes hab\u00edan hecho porno. Si eres nuevo en la industria &#8230; \u00a1no te preocupes! Nos aseguraremos de que tengas una buena experiencia trabajando con nosotros.<\/li>\n<\/ul>\n\n\n\n<p>Aqu\u00ed en STAXUS, tenemos valores muy altos con respecto a nuestro trabajo. \u00a1Nos encanta el porno y queremos que sea lo m\u00e1s divertido y saludable posible!<\/p>\n\n\n\n<p>Trabajamos duro para crear un espacio seguro para las modelos cuando vienen a trabajar con nosotros. Trabajando con nosotros, puede estar SEGURO de que:<\/p>\n\n\n\n<ul class=\"wp-block-list\">\n<li>cuidaremos de ti<\/li>\n\n\n\n<li>No dormir\u00e1s con los productores o el personal.<\/li>\n\n\n\n<li>El \u00fanico sexo que tendr\u00e1s ser\u00e1 frente a la c\u00e1mara.<\/li>\n\n\n\n<li>Nadie te har\u00e1 ninguna proposici\u00f3n sexual.<\/li>\n\n\n\n<li>Nos aseguraremos de que se sienta seguro mientras trabaja con nosotros.<\/li>\n\n\n\n<li>No hay drogas ni alcohol involucrados en nuestros rodajes.<\/li>\n\n\n\n<li>\u00a1Te divertir\u00e1s!<\/li>\n<\/ul>\n","protected":false},"excerpt":{"rendered":"<p>CONVI\u00c9RTETE EN MI MODELO DE FANTAS\u00cdA \u00bfEst\u00e1s pensando en ganar algo de dinero extra? \u00bfPresumir ante tus amigos? \u00bfConocer a algunos de los chicos m\u00e1s calientes de Europa? \u00bfCumplir algunas de tus fantas\u00edas? Entonces no busques m\u00e1s porque est\u00e1s en el lugar correcto. Algunas cosas que debe saber acerca de trabajar con nosotros: Aqu\u00ed en [&hellip;]<\/p>\n","protected":false},"author":1,"featured_media":0,"parent":0,"menu_order":0,"comment_status":"closed","ping_status":"closed","template":"page-registration.php","meta":{"_acf_changed":false,"footnotes":""},"class_list":["post-178","page","type-page","status-publish","hentry"],"acf":[],"_links":{"self":[{"href":"https:\/\/staxusmodels.com\/es\/wp-json\/wp\/v2\/pages\/178","targetHints":{"allow":["GET"]}}],"collection":[{"href":"https:\/\/staxusmodels.com\/es\/wp-json\/wp\/v2\/pages"}],"about":[{"href":"https:\/\/staxusmodels.com\/es\/wp-json\/wp\/v2\/types\/page"}],"author":[{"embeddable":true,"href":"https:\/\/staxusmodels.com\/es\/wp-json\/wp\/v2\/users\/1"}],"replies":[{"embeddable":true,"href":"https:\/\/staxusmodels.com\/es\/wp-json\/wp\/v2\/comments?post=178"}],"version-history":[{"count":2,"href":"https:\/\/staxusmodels.com\/es\/wp-json\/wp\/v2\/pages\/178\/revisions"}],"predecessor-version":[{"id":561,"href":"https:\/\/staxusmodels.com\/es\/wp-json\/wp\/v2\/pages\/178\/revisions\/561"}],"wp:attachment":[{"href":"https:\/\/staxusmodels.com\/es\/wp-json\/wp\/v2\/media?parent=178"}],"curies":[{"name":"wp","href":"https:\/\/api.w.org\/{rel}","templated":true}]}}