{"id":698,"date":"2022-11-21T00:13:24","date_gmt":"2022-11-21T00:13:24","guid":{"rendered":"https:\/\/staxusmodels.com\/inscription\/"},"modified":"2022-12-19T22:33:22","modified_gmt":"2022-12-19T22:33:22","slug":"inscription","status":"publish","type":"page","link":"https:\/\/staxusmodels.com\/fr\/inscription\/","title":{"rendered":"Inscription"},"content":{"rendered":"\n<p><\/p>\n\n<p class=\"has-text-align-left\"><strong>DEVENEZ UN MOD\u00c8LE STAXUS<\/strong><br\/>Vous songez \u00e0 gagner un peu d&rsquo;argent suppl\u00e9mentaire? Vous montrer \u00e0 vos amis ? Rencontrer certains des mecs les plus sexy d&rsquo;Europe ? R\u00e9aliser certains de vos fantasmes ? Alors ne cherchez plus car vous \u00eates au bon endroit.<\/p>\n\n<p>Certaines choses \u00e0 savoir sur la collaboration avec nous :<\/p>\n\n<ul class=\"wp-block-list\">\n<li>Tous les mod\u00e8les sont TOUJOURS enti\u00e8rement test\u00e9s<\/li>\n\n\n\n<li>Nous pouvons souvent vous fournir plusieurs sc\u00e8nes chaque fois que vous venez travailler avec nous.<\/li>\n\n\n\n<li>Nous sommes habitu\u00e9s \u00e0 travailler avec des mod\u00e8les qui n&rsquo;ont jamais fait de porno auparavant. Si vous \u00eates nouveau dans l&rsquo;industrie\u2026 ne vous inqui\u00e9tez pas ! Nous veillerons \u00e0 ce que vous ayez une bonne exp\u00e9rience de travail avec nous.<\/li>\n<\/ul>\n\n<p>Chez STAXUS, nous avons des valeurs tr\u00e8s \u00e9lev\u00e9es concernant notre travail. Nous aimons le porno et nous voulons qu&rsquo;il soit aussi amusant et sain que possible !<\/p>\n\n<p>Nous travaillons dur pour cr\u00e9er un espace s\u00fbr pour les mod\u00e8les lorsqu&rsquo;ils viennent travailler avec nous. En travaillant avec nous, vous pouvez \u00caTRE S\u00dbR que :<\/p>\n\n<ul class=\"wp-block-list\">\n<li>Nous allons prendre soin de vous<\/li>\n\n\n\n<li>Vous ne coucherez pas avec les producteurs ou le personnel<\/li>\n\n\n\n<li>Le seul sexe que vous aurez sera devant la cam\u00e9ra<\/li>\n\n\n\n<li>Personne ne te fera de proposition sexuelle<\/li>\n\n\n\n<li>Nous veillerons \u00e0 ce que vous vous sentiez en s\u00e9curit\u00e9 pendant que vous travaillez avec nous<\/li>\n\n\n\n<li>Aucune drogue ou alcool n&rsquo;est impliqu\u00e9 dans nos tournages<\/li>\n\n\n\n<li>Tu vas t&rsquo;amuser!<\/li>\n<\/ul>\n","protected":false},"excerpt":{"rendered":"<p>DEVENEZ UN MOD\u00c8LE STAXUSVous songez \u00e0 gagner un peu d&rsquo;argent suppl\u00e9mentaire? Vous montrer \u00e0 vos amis ? Rencontrer certains des mecs les plus sexy d&rsquo;Europe ? R\u00e9aliser certains de vos fantasmes ? Alors ne cherchez plus car vous \u00eates au bon endroit. Certaines choses \u00e0 savoir sur la collaboration avec nous : Chez STAXUS, nous [&hellip;]<\/p>\n","protected":false},"author":1,"featured_media":0,"parent":0,"menu_order":0,"comment_status":"closed","ping_status":"closed","template":"page-registration.php","meta":{"_acf_changed":false,"footnotes":""},"class_list":["post-698","page","type-page","status-publish","hentry"],"acf":[],"_links":{"self":[{"href":"https:\/\/staxusmodels.com\/fr\/wp-json\/wp\/v2\/pages\/698","targetHints":{"allow":["GET"]}}],"collection":[{"href":"https:\/\/staxusmodels.com\/fr\/wp-json\/wp\/v2\/pages"}],"about":[{"href":"https:\/\/staxusmodels.com\/fr\/wp-json\/wp\/v2\/types\/page"}],"author":[{"embeddable":true,"href":"https:\/\/staxusmodels.com\/fr\/wp-json\/wp\/v2\/users\/1"}],"replies":[{"embeddable":true,"href":"https:\/\/staxusmodels.com\/fr\/wp-json\/wp\/v2\/comments?post=698"}],"version-history":[{"count":3,"href":"https:\/\/staxusmodels.com\/fr\/wp-json\/wp\/v2\/pages\/698\/revisions"}],"predecessor-version":[{"id":701,"href":"https:\/\/staxusmodels.com\/fr\/wp-json\/wp\/v2\/pages\/698\/revisions\/701"}],"wp:attachment":[{"href":"https:\/\/staxusmodels.com\/fr\/wp-json\/wp\/v2\/media?parent=698"}],"curies":[{"name":"wp","href":"https:\/\/api.w.org\/{rel}","templated":true}]}}